{"id":1409,"date":"2025-05-02T21:02:56","date_gmt":"2025-05-02T19:02:56","guid":{"rendered":"https:\/\/applicaelectronics.com\/?post_type=product&#038;p=1409"},"modified":"2025-06-01T12:47:51","modified_gmt":"2025-06-01T10:47:51","slug":"fuente-alimentacion-para-equipos-digi","status":"publish","type":"product","link":"https:\/\/applicaelectronics.com\/en\/product\/fuente-alimentacion-para-equipos-digi\/","title":{"rendered":"Power supply for DIGI equipment"},"content":{"rendered":"<p>5VDC 6A 30W Barrel Connector 2.5 mmm<\/p>\n<p>Compatible with DIGI equipment (Consult)<\/p>\n<p><strong>Item condition:<\/strong> new<\/p>\n<p>&nbsp;<\/p>\n<p>&nbsp;<\/p>","protected":false},"excerpt":{"rendered":"<p>5VDC 6A 30W Conector Barrel 2,5 mmm Compatible con el equipos DIGI (Consultar) Condici\u00f3n del art\u00edculo: nuevo &nbsp; &nbsp;<\/p>","protected":false},"featured_media":1410,"template":"","meta":{"_themeisle_gutenberg_block_has_review":false},"product_brand":[],"product_cat":[29],"product_tag":[],"class_list":{"0":"post-1409","1":"product","2":"type-product","3":"status-publish","4":"has-post-thumbnail","6":"product_cat-alimentadores","8":"first","9":"instock","10":"taxable","11":"shipping-taxable","12":"purchasable","13":"product-type-simple"},"yoast_head":"<!-- This site is optimized with the Yoast SEO plugin v25.0 - https:\/\/yoast.com\/wordpress\/plugins\/seo\/ -->\n<title>Fuente Alimentaci\u00f3n para equipos DIGI - Applica<\/title>\n<meta name=\"description\" content=\"Compra la Fuente de Alimentaci\u00f3n compatible con equipos DIGl. Nueva. Ev\u00edo r\u00e1pido.\" \/>\n<meta name=\"robots\" content=\"index, follow, max-snippet:-1, max-image-preview:large, max-video-preview:-1\" \/>\n<link rel=\"canonical\" href=\"https:\/\/applicaelectronics.com\/en\/product\/fuente-alimentacion-para-equipos-digi\/\" \/>\n<meta property=\"og:locale\" content=\"en_US\" \/>\n<meta property=\"og:type\" content=\"article\" \/>\n<meta property=\"og:title\" content=\"Fuente Alimentaci\u00f3n para equipos DIGI - Applica\" \/>\n<meta property=\"og:description\" content=\"Compra la Fuente de Alimentaci\u00f3n compatible con equipos DIGl. Nueva. Ev\u00edo r\u00e1pido.\" \/>\n<meta property=\"og:url\" content=\"https:\/\/applicaelectronics.com\/en\/product\/fuente-alimentacion-para-equipos-digi\/\" \/>\n<meta property=\"og:site_name\" content=\"Applica\" \/>\n<meta property=\"article:modified_time\" content=\"2025-06-01T10:47:51+00:00\" \/>\n<meta property=\"og:image\" content=\"https:\/\/applicaelectronics.com\/wp-content\/uploads\/2025\/05\/Fuente-Almentacion-conector-barrel-25mm.jpg\" \/>\n\t<meta property=\"og:image:width\" content=\"279\" \/>\n\t<meta property=\"og:image:height\" content=\"267\" \/>\n\t<meta property=\"og:image:type\" content=\"image\/jpeg\" \/>\n<meta name=\"twitter:card\" content=\"summary_large_image\" \/>\n<meta name=\"twitter:label1\" content=\"Est. reading time\" \/>\n\t<meta name=\"twitter:data1\" content=\"1 minute\" \/>\n<script type=\"application\/ld+json\" class=\"yoast-schema-graph\">{\"@context\":\"https:\/\/schema.org\",\"@graph\":[{\"@type\":\"WebPage\",\"@id\":\"https:\/\/applicaelectronics.com\/producto\/fuente-alimentacion-para-equipos-digi\/\",\"url\":\"https:\/\/applicaelectronics.com\/producto\/fuente-alimentacion-para-equipos-digi\/\",\"name\":\"Fuente Alimentaci\u00f3n para equipos DIGI - Applica\",\"isPartOf\":{\"@id\":\"https:\/\/applicaelectronics.com\/#website\"},\"primaryImageOfPage\":{\"@id\":\"https:\/\/applicaelectronics.com\/producto\/fuente-alimentacion-para-equipos-digi\/#primaryimage\"},\"image\":{\"@id\":\"https:\/\/applicaelectronics.com\/producto\/fuente-alimentacion-para-equipos-digi\/#primaryimage\"},\"thumbnailUrl\":\"https:\/\/applicaelectronics.com\/wp-content\/uploads\/2025\/05\/Fuente-Almentacion-conector-barrel-25mm.jpg\",\"datePublished\":\"2025-05-02T19:02:56+00:00\",\"dateModified\":\"2025-06-01T10:47:51+00:00\",\"description\":\"Compra la Fuente de Alimentaci\u00f3n compatible con equipos DIGl. Nueva. Ev\u00edo r\u00e1pido.\",\"breadcrumb\":{\"@id\":\"https:\/\/applicaelectronics.com\/producto\/fuente-alimentacion-para-equipos-digi\/#breadcrumb\"},\"inLanguage\":\"en-US\",\"potentialAction\":[{\"@type\":\"ReadAction\",\"target\":[\"https:\/\/applicaelectronics.com\/producto\/fuente-alimentacion-para-equipos-digi\/\"]}]},{\"@type\":\"ImageObject\",\"inLanguage\":\"en-US\",\"@id\":\"https:\/\/applicaelectronics.com\/producto\/fuente-alimentacion-para-equipos-digi\/#primaryimage\",\"url\":\"https:\/\/applicaelectronics.com\/wp-content\/uploads\/2025\/05\/Fuente-Almentacion-conector-barrel-25mm.jpg\",\"contentUrl\":\"https:\/\/applicaelectronics.com\/wp-content\/uploads\/2025\/05\/Fuente-Almentacion-conector-barrel-25mm.jpg\",\"width\":279,\"height\":267},{\"@type\":\"BreadcrumbList\",\"@id\":\"https:\/\/applicaelectronics.com\/producto\/fuente-alimentacion-para-equipos-digi\/#breadcrumb\",\"itemListElement\":[{\"@type\":\"ListItem\",\"position\":1,\"name\":\"Portada\",\"item\":\"https:\/\/applicaelectronics.com\/\"},{\"@type\":\"ListItem\",\"position\":2,\"name\":\"Shop\",\"item\":\"https:\/\/applicaelectronics.com\/shop\/\"},{\"@type\":\"ListItem\",\"position\":3,\"name\":\"Fuente Alimentaci\u00f3n para equipos DIGI\"}]},{\"@type\":\"WebSite\",\"@id\":\"https:\/\/applicaelectronics.com\/#website\",\"url\":\"https:\/\/applicaelectronics.com\/\",\"name\":\"Applica\",\"description\":\"\",\"publisher\":{\"@id\":\"https:\/\/applicaelectronics.com\/#organization\"},\"potentialAction\":[{\"@type\":\"SearchAction\",\"target\":{\"@type\":\"EntryPoint\",\"urlTemplate\":\"https:\/\/applicaelectronics.com\/?s={search_term_string}\"},\"query-input\":{\"@type\":\"PropertyValueSpecification\",\"valueRequired\":true,\"valueName\":\"search_term_string\"}}],\"inLanguage\":\"en-US\"},{\"@type\":\"Organization\",\"@id\":\"https:\/\/applicaelectronics.com\/#organization\",\"name\":\"Applica\",\"url\":\"https:\/\/applicaelectronics.com\/\",\"logo\":{\"@type\":\"ImageObject\",\"inLanguage\":\"en-US\",\"@id\":\"https:\/\/applicaelectronics.com\/#\/schema\/logo\/image\/\",\"url\":\"https:\/\/applicaelectronics.com\/wp-content\/uploads\/2024\/11\/cropped-Logo-Applica_01.jpg\",\"contentUrl\":\"https:\/\/applicaelectronics.com\/wp-content\/uploads\/2024\/11\/cropped-Logo-Applica_01.jpg\",\"width\":307,\"height\":88,\"caption\":\"Applica\"},\"image\":{\"@id\":\"https:\/\/applicaelectronics.com\/#\/schema\/logo\/image\/\"}}]}<\/script>\n<!-- \/ Yoast SEO plugin. -->","yoast_head_json":{"title":"Fuente Alimentaci\u00f3n para equipos DIGI - Applica","description":"Compra la Fuente de Alimentaci\u00f3n compatible con equipos DIGl. Nueva. Ev\u00edo r\u00e1pido.","robots":{"index":"index","follow":"follow","max-snippet":"max-snippet:-1","max-image-preview":"max-image-preview:large","max-video-preview":"max-video-preview:-1"},"canonical":"https:\/\/applicaelectronics.com\/en\/product\/fuente-alimentacion-para-equipos-digi\/","og_locale":"en_US","og_type":"article","og_title":"Fuente Alimentaci\u00f3n para equipos DIGI - Applica","og_description":"Compra la Fuente de Alimentaci\u00f3n compatible con equipos DIGl. Nueva. Ev\u00edo r\u00e1pido.","og_url":"https:\/\/applicaelectronics.com\/en\/product\/fuente-alimentacion-para-equipos-digi\/","og_site_name":"Applica","article_modified_time":"2025-06-01T10:47:51+00:00","og_image":[{"width":279,"height":267,"url":"https:\/\/applicaelectronics.com\/wp-content\/uploads\/2025\/05\/Fuente-Almentacion-conector-barrel-25mm.jpg","type":"image\/jpeg"}],"twitter_card":"summary_large_image","twitter_misc":{"Est. reading time":"1 minute"},"schema":{"@context":"https:\/\/schema.org","@graph":[{"@type":"WebPage","@id":"https:\/\/applicaelectronics.com\/producto\/fuente-alimentacion-para-equipos-digi\/","url":"https:\/\/applicaelectronics.com\/producto\/fuente-alimentacion-para-equipos-digi\/","name":"Fuente Alimentaci\u00f3n para equipos DIGI - Applica","isPartOf":{"@id":"https:\/\/applicaelectronics.com\/#website"},"primaryImageOfPage":{"@id":"https:\/\/applicaelectronics.com\/producto\/fuente-alimentacion-para-equipos-digi\/#primaryimage"},"image":{"@id":"https:\/\/applicaelectronics.com\/producto\/fuente-alimentacion-para-equipos-digi\/#primaryimage"},"thumbnailUrl":"https:\/\/applicaelectronics.com\/wp-content\/uploads\/2025\/05\/Fuente-Almentacion-conector-barrel-25mm.jpg","datePublished":"2025-05-02T19:02:56+00:00","dateModified":"2025-06-01T10:47:51+00:00","description":"Compra la Fuente de Alimentaci\u00f3n compatible con equipos DIGl. Nueva. Ev\u00edo r\u00e1pido.","breadcrumb":{"@id":"https:\/\/applicaelectronics.com\/producto\/fuente-alimentacion-para-equipos-digi\/#breadcrumb"},"inLanguage":"en-US","potentialAction":[{"@type":"ReadAction","target":["https:\/\/applicaelectronics.com\/producto\/fuente-alimentacion-para-equipos-digi\/"]}]},{"@type":"ImageObject","inLanguage":"en-US","@id":"https:\/\/applicaelectronics.com\/producto\/fuente-alimentacion-para-equipos-digi\/#primaryimage","url":"https:\/\/applicaelectronics.com\/wp-content\/uploads\/2025\/05\/Fuente-Almentacion-conector-barrel-25mm.jpg","contentUrl":"https:\/\/applicaelectronics.com\/wp-content\/uploads\/2025\/05\/Fuente-Almentacion-conector-barrel-25mm.jpg","width":279,"height":267},{"@type":"BreadcrumbList","@id":"https:\/\/applicaelectronics.com\/producto\/fuente-alimentacion-para-equipos-digi\/#breadcrumb","itemListElement":[{"@type":"ListItem","position":1,"name":"Portada","item":"https:\/\/applicaelectronics.com\/"},{"@type":"ListItem","position":2,"name":"Shop","item":"https:\/\/applicaelectronics.com\/shop\/"},{"@type":"ListItem","position":3,"name":"Fuente Alimentaci\u00f3n para equipos DIGI"}]},{"@type":"WebSite","@id":"https:\/\/applicaelectronics.com\/#website","url":"https:\/\/applicaelectronics.com\/","name":"Applica","description":"","publisher":{"@id":"https:\/\/applicaelectronics.com\/#organization"},"potentialAction":[{"@type":"SearchAction","target":{"@type":"EntryPoint","urlTemplate":"https:\/\/applicaelectronics.com\/?s={search_term_string}"},"query-input":{"@type":"PropertyValueSpecification","valueRequired":true,"valueName":"search_term_string"}}],"inLanguage":"en-US"},{"@type":"Organization","@id":"https:\/\/applicaelectronics.com\/#organization","name":"Applica","url":"https:\/\/applicaelectronics.com\/","logo":{"@type":"ImageObject","inLanguage":"en-US","@id":"https:\/\/applicaelectronics.com\/#\/schema\/logo\/image\/","url":"https:\/\/applicaelectronics.com\/wp-content\/uploads\/2024\/11\/cropped-Logo-Applica_01.jpg","contentUrl":"https:\/\/applicaelectronics.com\/wp-content\/uploads\/2024\/11\/cropped-Logo-Applica_01.jpg","width":307,"height":88,"caption":"Applica"},"image":{"@id":"https:\/\/applicaelectronics.com\/#\/schema\/logo\/image\/"}}]}},"_links":{"self":[{"href":"https:\/\/applicaelectronics.com\/en\/wp-json\/wp\/v2\/product\/1409","targetHints":{"allow":["GET"]}}],"collection":[{"href":"https:\/\/applicaelectronics.com\/en\/wp-json\/wp\/v2\/product"}],"about":[{"href":"https:\/\/applicaelectronics.com\/en\/wp-json\/wp\/v2\/types\/product"}],"version-history":[{"count":1,"href":"https:\/\/applicaelectronics.com\/en\/wp-json\/wp\/v2\/product\/1409\/revisions"}],"predecessor-version":[{"id":1411,"href":"https:\/\/applicaelectronics.com\/en\/wp-json\/wp\/v2\/product\/1409\/revisions\/1411"}],"wp:featuredmedia":[{"embeddable":true,"href":"https:\/\/applicaelectronics.com\/en\/wp-json\/wp\/v2\/media\/1410"}],"wp:attachment":[{"href":"https:\/\/applicaelectronics.com\/en\/wp-json\/wp\/v2\/media?parent=1409"}],"wp:term":[{"taxonomy":"product_brand","embeddable":true,"href":"https:\/\/applicaelectronics.com\/en\/wp-json\/wp\/v2\/product_brand?post=1409"},{"taxonomy":"product_cat","embeddable":true,"href":"https:\/\/applicaelectronics.com\/en\/wp-json\/wp\/v2\/product_cat?post=1409"},{"taxonomy":"product_tag","embeddable":true,"href":"https:\/\/applicaelectronics.com\/en\/wp-json\/wp\/v2\/product_tag?post=1409"}],"curies":[{"name":"wp","href":"https:\/\/api.w.org\/{rel}","templated":true}]}}